{"id":6,"date":"2016-07-14T02:27:55","date_gmt":"2016-07-14T02:27:55","guid":{"rendered":"http:\/\/www.digitalmarketsolution.com\/elegancia\/?page_id=6"},"modified":"2017-08-17T05:29:31","modified_gmt":"2017-08-17T05:29:31","slug":"about","status":"publish","type":"page","link":"https:\/\/www.elegancia-evenements.com\/en\/about\/","title":{"rendered":"ABOUT"},"content":{"rendered":"<p><div class=\"fusion-fullwidth fullwidth-box fusion-builder-row-1 nonhundred-percent-fullwidth non-hundred-percent-height-scrolling fusion-equal-height-columns\" style=\"--awb-background-position:left top;--awb-border-radius-top-left:0px;--awb-border-radius-top-right:0px;--awb-border-radius-bottom-right:0px;--awb-border-radius-bottom-left:0px;--awb-padding-top:50px;--awb-padding-bottom:10px;--awb-border-sizes-top:0px;--awb-border-sizes-bottom:0px;--awb-flex-wrap:wrap;\" ><div class=\"fusion-builder-row fusion-row\"><div class=\"fusion-layout-column fusion_builder_column fusion-builder-column-0 fusion_builder_column_1_2 1_2 fusion-one-half fusion-column-first\" style=\"--awb-bg-size:cover;width:48%; margin-right: 4%;\"><div class=\"fusion-column-wrapper fusion-flex-column-wrapper-legacy\"><div class=\"fusion-column-content-centered\"><div class=\"fusion-column-content\"><div class=\"fusion-text fusion-text-1\"><h4>Mission<\/h4>\n<\/div><div class=\"fusion-text fusion-text-2\"><p>Located in Montreal, the company specializes in organizing events of all kinds tailored to your needs, your budget and your tastes. With our listening, attention to detail and imagination, we will make your ideas wild by creating a turnkey event. Our expertise will ensure you a quality service and our ideas will stand out.<\/p>\n<p>Our philosophy: Nothing is impossible!<\/p>\n<p>Our mission: To offer you a high quality service.<\/p>\n<p>Our goal: To make your event stand out.<\/p>\n<\/div><\/div><\/div><div class=\"fusion-clearfix\"><\/div><\/div><\/div><div class=\"fusion-layout-column fusion_builder_column fusion-builder-column-1 fusion_builder_column_1_2 1_2 fusion-one-half fusion-column-last\" style=\"--awb-bg-size:cover;width:48%;\"><div class=\"fusion-column-wrapper fusion-flex-column-wrapper-legacy\"><div class=\"fusion-column-content-centered\"><div class=\"fusion-column-content\"><div class=\"fusion-image-element fusion-image-align-center in-legacy-container\" style=\"text-align:center;--awb-caption-title-font-family:var(--h2_typography-font-family);--awb-caption-title-font-weight:var(--h2_typography-font-weight);--awb-caption-title-font-style:var(--h2_typography-font-style);--awb-caption-title-size:var(--h2_typography-font-size);--awb-caption-title-transform:var(--h2_typography-text-transform);--awb-caption-title-line-height:var(--h2_typography-line-height);--awb-caption-title-letter-spacing:var(--h2_typography-letter-spacing);\"><div class=\"imageframe-align-center\"><span class=\" fusion-imageframe imageframe-none imageframe-1 hover-type-none\"><img decoding=\"async\" width=\"960\" height=\"640\" title=\"Decoration de salle\" src=\"http:\/\/www.elegancia-evenements.com\/wp-content\/uploads\/2016\/07\/20750535_10159296476610422_355534829_n.png\" alt class=\"img-responsive wp-image-1584\" srcset=\"https:\/\/www.elegancia-evenements.com\/wp-content\/uploads\/2016\/07\/20750535_10159296476610422_355534829_n-200x133.png 200w, https:\/\/www.elegancia-evenements.com\/wp-content\/uploads\/2016\/07\/20750535_10159296476610422_355534829_n-400x267.png 400w, https:\/\/www.elegancia-evenements.com\/wp-content\/uploads\/2016\/07\/20750535_10159296476610422_355534829_n-600x400.png 600w, https:\/\/www.elegancia-evenements.com\/wp-content\/uploads\/2016\/07\/20750535_10159296476610422_355534829_n-800x533.png 800w, https:\/\/www.elegancia-evenements.com\/wp-content\/uploads\/2016\/07\/20750535_10159296476610422_355534829_n.png 960w\" sizes=\"(max-width: 800px) 100vw, 600px\" \/><\/span><\/div><\/div><\/div><\/div><div class=\"fusion-clearfix\"><\/div><\/div><\/div><\/div><\/div><div class=\"fusion-fullwidth fullwidth-box fusion-builder-row-2 nonhundred-percent-fullwidth non-hundred-percent-height-scrolling fusion-equal-height-columns\" style=\"--awb-background-position:left top;--awb-border-radius-top-left:0px;--awb-border-radius-top-right:0px;--awb-border-radius-bottom-right:0px;--awb-border-radius-bottom-left:0px;--awb-padding-top:10px;--awb-padding-bottom:10px;--awb-border-sizes-top:0px;--awb-border-sizes-bottom:0px;--awb-flex-wrap:wrap;\" ><div class=\"fusion-builder-row fusion-row\"><div class=\"fusion-layout-column fusion_builder_column fusion-builder-column-2 fusion_builder_column_1_2 1_2 fusion-one-half fusion-column-first\" style=\"--awb-bg-size:cover;width:48%; margin-right: 4%;\"><div class=\"fusion-column-wrapper fusion-flex-column-wrapper-legacy\"><div class=\"fusion-column-content-centered\"><div class=\"fusion-column-content\"><div class=\"fusion-image-element fusion-image-align-center in-legacy-container\" style=\"text-align:center;--awb-caption-title-font-family:var(--h2_typography-font-family);--awb-caption-title-font-weight:var(--h2_typography-font-weight);--awb-caption-title-font-style:var(--h2_typography-font-style);--awb-caption-title-size:var(--h2_typography-font-size);--awb-caption-title-transform:var(--h2_typography-text-transform);--awb-caption-title-line-height:var(--h2_typography-line-height);--awb-caption-title-letter-spacing:var(--h2_typography-letter-spacing);\"><div class=\"imageframe-align-center\"><span class=\" fusion-imageframe imageframe-none imageframe-2 hover-type-none\"><img decoding=\"async\" width=\"1024\" height=\"683\" title=\"Pourquoi nous \u00c9l\u00e9gancia\" src=\"http:\/\/www.elegancia-evenements.com\/wp-content\/uploads\/2016\/07\/Pourquoi-nous-\u00c9l\u00e9gancia-1024x683.jpg\" alt class=\"img-responsive wp-image-1580\" srcset=\"https:\/\/www.elegancia-evenements.com\/wp-content\/uploads\/2016\/07\/Pourquoi-nous-\u00c9l\u00e9gancia-200x133.jpg 200w, https:\/\/www.elegancia-evenements.com\/wp-content\/uploads\/2016\/07\/Pourquoi-nous-\u00c9l\u00e9gancia-400x267.jpg 400w, https:\/\/www.elegancia-evenements.com\/wp-content\/uploads\/2016\/07\/Pourquoi-nous-\u00c9l\u00e9gancia-600x400.jpg 600w, https:\/\/www.elegancia-evenements.com\/wp-content\/uploads\/2016\/07\/Pourquoi-nous-\u00c9l\u00e9gancia-800x533.jpg 800w, https:\/\/www.elegancia-evenements.com\/wp-content\/uploads\/2016\/07\/Pourquoi-nous-\u00c9l\u00e9gancia-1200x800.jpg 1200w, https:\/\/www.elegancia-evenements.com\/wp-content\/uploads\/2016\/07\/Pourquoi-nous-\u00c9l\u00e9gancia.jpg 5760w\" sizes=\"(max-width: 800px) 100vw, 600px\" \/><\/span><\/div><\/div><\/div><\/div><div class=\"fusion-clearfix\"><\/div><\/div><\/div><div class=\"fusion-layout-column fusion_builder_column fusion-builder-column-3 fusion_builder_column_1_2 1_2 fusion-one-half fusion-column-last\" style=\"--awb-bg-size:cover;width:48%;\"><div class=\"fusion-column-wrapper fusion-flex-column-wrapper-legacy\"><div class=\"fusion-column-content-centered\"><div class=\"fusion-column-content\"><div class=\"fusion-text fusion-text-3\"><h4>Why us?<\/h4>\n<\/div><div class=\"fusion-text fusion-text-4\"><p>Our mission is to offer you a high quality service according to your budget envelope and at the best price. We create innovative events that leave an imprint in the memory of the participants. Creativity and originality are our motto. With us nothing is impossible. Our expertise will ensure you a quality service and our ideas will stand out. Whether for an innovative concept, to create WoW effects during your evenings, to solidify the team spirit, to stand out or to organize the weddings of your dreams. Be expected of always receiving a high quality service with El\u00e9gancia. We will accompany you every step of the way.<\/p>\n<p>Our strenght:<\/p>\n<ul>\n<li>We are effective<\/li>\n<li>We think about everything<\/li>\n<li>We are creative<\/li>\n<li>We have an artistic director on the spot<\/li>\n<li>We are extremely well organized<\/li>\n<li>We can improvise depending of the situation<\/li>\n<li>Our team is professionnal<\/li>\n<li>Wen can create the event to your delight<\/li>\n<\/ul>\n<\/div><\/div><\/div><div class=\"fusion-clearfix\"><\/div><\/div><\/div><\/div><\/div><div class=\"fusion-fullwidth fullwidth-box fusion-builder-row-3 nonhundred-percent-fullwidth non-hundred-percent-height-scrolling fusion-equal-height-columns\" style=\"--awb-background-position:left top;--awb-border-radius-top-left:0px;--awb-border-radius-top-right:0px;--awb-border-radius-bottom-right:0px;--awb-border-radius-bottom-left:0px;--awb-padding-top:10px;--awb-padding-bottom:10px;--awb-border-sizes-top:0px;--awb-border-sizes-bottom:0px;--awb-flex-wrap:wrap;\" ><div class=\"fusion-builder-row fusion-row\"><div class=\"fusion-layout-column fusion_builder_column fusion-builder-column-4 fusion_builder_column_1_2 1_2 fusion-one-half fusion-column-first\" style=\"--awb-bg-size:cover;width:48%; margin-right: 4%;\"><div class=\"fusion-column-wrapper fusion-flex-column-wrapper-legacy\"><div class=\"fusion-column-content-centered\"><div class=\"fusion-column-content\"><div class=\"fusion-image-element fusion-image-align-center in-legacy-container\" style=\"text-align:center;--awb-caption-title-font-family:var(--h2_typography-font-family);--awb-caption-title-font-weight:var(--h2_typography-font-weight);--awb-caption-title-font-style:var(--h2_typography-font-style);--awb-caption-title-size:var(--h2_typography-font-size);--awb-caption-title-transform:var(--h2_typography-text-transform);--awb-caption-title-line-height:var(--h2_typography-line-height);--awb-caption-title-letter-spacing:var(--h2_typography-letter-spacing);\"><div class=\"imageframe-align-center\"><span class=\" fusion-imageframe imageframe-none imageframe-3 hover-type-none\"><img decoding=\"async\" width=\"602\" height=\"902\" title=\"Fondatrice \u00c9l\u00e9gancia Planification d&#8217;\u00e9v\u00e9nement\" src=\"http:\/\/www.elegancia-evenements.com\/wp-content\/uploads\/2016\/07\/Dominique-Mathieu-animatrice-Plein-pied.jpg\" alt class=\"img-responsive wp-image-1582\" srcset=\"https:\/\/www.elegancia-evenements.com\/wp-content\/uploads\/2016\/07\/Dominique-Mathieu-animatrice-Plein-pied-200x300.jpg 200w, https:\/\/www.elegancia-evenements.com\/wp-content\/uploads\/2016\/07\/Dominique-Mathieu-animatrice-Plein-pied-400x599.jpg 400w, https:\/\/www.elegancia-evenements.com\/wp-content\/uploads\/2016\/07\/Dominique-Mathieu-animatrice-Plein-pied-600x899.jpg 600w, https:\/\/www.elegancia-evenements.com\/wp-content\/uploads\/2016\/07\/Dominique-Mathieu-animatrice-Plein-pied.jpg 602w\" sizes=\"(max-width: 800px) 100vw, 600px\" \/><\/span><\/div><\/div><\/div><\/div><div class=\"fusion-clearfix\"><\/div><\/div><\/div><div class=\"fusion-layout-column fusion_builder_column fusion-builder-column-5 fusion_builder_column_1_2 1_2 fusion-one-half fusion-column-last\" style=\"--awb-bg-size:cover;width:48%;\"><div class=\"fusion-column-wrapper fusion-flex-column-wrapper-legacy\"><div class=\"fusion-column-content-centered\"><div class=\"fusion-column-content\"><div class=\"fusion-text fusion-text-5\"><h4>Dominique Mathieu, \u00a0Event specialist, Artistic Directrice, and Mic host.<\/h4>\n<\/div><div class=\"fusion-text fusion-text-6\"><p>With 15 years of experience in the field of event entertainment Dominique was first known as president and founder of <a href=\"http:\/\/www.animations-doumica.com\">Animations Doumica.<\/a>\u00a0Working in the production and Event management since 2008 Dominique is known for being a creative, pioneering and structured person. \u00a0She manages with the \u00a0hand of a master. Good meetings with the professionals in the industry during the event allowed her to build a network of contacts and solid references. With more than 500 events, she has seen all styles.<\/p>\n<p>She care about details and \u00a0love to exploit her creativity. She is constantly looking for new trends and ways to express her creativity and \u00a0to develop concept of evening events. \u00a0She is putting her passion, energy and talent at your service to create unique and unforgettable moments. More than a job, it&#8217;s a passion for her. She is the orchestra conductor of your event!<\/p>\n<p>About Dominique<\/p>\n<ul>\n<li>My favorite movie is Coming to America. I was inspired by this moovie when I saw the grand entrance of the bride and the dance troup that had me gazing for a creation of a concept of a perfect grand bridal entrance.<\/li>\n<li>What I like most about my job is to see people enjoying them selfs.<\/li>\n<li>I forget about time when I work on a project that excites me.<\/li>\n<li>I describe myself as a touch of everything, creative, curious and disconcerting calm.<\/li>\n<li>I seek pleasure in everything I do and undertake. I&#8217;m an Epicurean.<\/li>\n<\/ul>\n<\/div><\/div><\/div><div class=\"fusion-clearfix\"><\/div><\/div><\/div><\/div><\/div><\/p>\n","protected":false},"excerpt":{"rendered":"","protected":false},"author":1,"featured_media":0,"parent":0,"menu_order":0,"comment_status":"closed","ping_status":"closed","template":"100-width.php","meta":{"footnotes":""},"yoast_head":"<!-- This site is optimized with the Yoast SEO plugin v21.5 - https:\/\/yoast.com\/wordpress\/plugins\/seo\/ -->\n<title>ABOUT - Elegancia<\/title>\n<meta name=\"robots\" content=\"index, follow, max-snippet:-1, max-image-preview:large, max-video-preview:-1\" \/>\n<link rel=\"canonical\" href=\"https:\/\/www.elegancia-evenements.com\/en\/about\/\" \/>\n<meta property=\"og:locale\" content=\"en_US\" \/>\n<meta property=\"og:type\" content=\"article\" \/>\n<meta property=\"og:title\" content=\"ABOUT - Elegancia\" \/>\n<meta property=\"og:url\" content=\"https:\/\/www.elegancia-evenements.com\/en\/about\/\" \/>\n<meta property=\"og:site_name\" content=\"Elegancia\" \/>\n<meta property=\"article:publisher\" content=\"https:\/\/www.facebook.com\/evenements.elegancia\" \/>\n<meta property=\"article:modified_time\" content=\"2017-08-17T05:29:31+00:00\" \/>\n<meta name=\"twitter:card\" content=\"summary_large_image\" \/>\n<meta name=\"twitter:site\" content=\"@EleganciaEvent\" \/>\n<meta name=\"twitter:label1\" content=\"Est. reading time\" \/>\n\t<meta name=\"twitter:data1\" content=\"7 minutes\" \/>\n<script type=\"application\/ld+json\" class=\"yoast-schema-graph\">{\"@context\":\"https:\/\/schema.org\",\"@graph\":[{\"@type\":\"WebPage\",\"@id\":\"https:\/\/www.elegancia-evenements.com\/en\/about\/\",\"url\":\"https:\/\/www.elegancia-evenements.com\/en\/about\/\",\"name\":\"ABOUT - Elegancia\",\"isPartOf\":{\"@id\":\"https:\/\/www.elegancia-evenements.com\/en\/#website\"},\"datePublished\":\"2016-07-14T02:27:55+00:00\",\"dateModified\":\"2017-08-17T05:29:31+00:00\",\"breadcrumb\":{\"@id\":\"https:\/\/www.elegancia-evenements.com\/en\/about\/#breadcrumb\"},\"inLanguage\":\"en-US\",\"potentialAction\":[{\"@type\":\"ReadAction\",\"target\":[\"https:\/\/www.elegancia-evenements.com\/en\/about\/\"]}]},{\"@type\":\"BreadcrumbList\",\"@id\":\"https:\/\/www.elegancia-evenements.com\/en\/about\/#breadcrumb\",\"itemListElement\":[{\"@type\":\"ListItem\",\"position\":1,\"name\":\"Accueil\",\"item\":\"https:\/\/www.elegancia-evenements.com\/en\/\"},{\"@type\":\"ListItem\",\"position\":2,\"name\":\"ABOUT\"}]},{\"@type\":\"WebSite\",\"@id\":\"https:\/\/www.elegancia-evenements.com\/en\/#website\",\"url\":\"https:\/\/www.elegancia-evenements.com\/en\/\",\"name\":\"Elegancia\",\"description\":\"\",\"publisher\":{\"@id\":\"https:\/\/www.elegancia-evenements.com\/en\/#organization\"},\"potentialAction\":[{\"@type\":\"SearchAction\",\"target\":{\"@type\":\"EntryPoint\",\"urlTemplate\":\"https:\/\/www.elegancia-evenements.com\/en\/?s={search_term_string}\"},\"query-input\":\"required name=search_term_string\"}],\"inLanguage\":\"en-US\"},{\"@type\":\"Organization\",\"@id\":\"https:\/\/www.elegancia-evenements.com\/en\/#organization\",\"name\":\"Elegancia Planification d'\u00e9v\u00e9nements\",\"url\":\"https:\/\/www.elegancia-evenements.com\/en\/\",\"logo\":{\"@type\":\"ImageObject\",\"inLanguage\":\"en-US\",\"@id\":\"https:\/\/www.elegancia-evenements.com\/en\/#\/schema\/logo\/image\/\",\"url\":\"https:\/\/www.elegancia-evenements.com\/wp-content\/uploads\/2017\/06\/Elegancia-Logo-Horizontal-e1498851891676.png\",\"contentUrl\":\"https:\/\/www.elegancia-evenements.com\/wp-content\/uploads\/2017\/06\/Elegancia-Logo-Horizontal-e1498851891676.png\",\"width\":180,\"height\":65,\"caption\":\"Elegancia Planification d'\u00e9v\u00e9nements\"},\"image\":{\"@id\":\"https:\/\/www.elegancia-evenements.com\/en\/#\/schema\/logo\/image\/\"},\"sameAs\":[\"https:\/\/www.facebook.com\/evenements.elegancia\",\"https:\/\/twitter.com\/EleganciaEvent\",\"https:\/\/www.youtube.com\/channel\/UCt8l0SdPK1SEZOslCY_AZBQ\"]}]}<\/script>\n<!-- \/ Yoast SEO plugin. -->","yoast_head_json":{"title":"ABOUT - Elegancia","robots":{"index":"index","follow":"follow","max-snippet":"max-snippet:-1","max-image-preview":"max-image-preview:large","max-video-preview":"max-video-preview:-1"},"canonical":"https:\/\/www.elegancia-evenements.com\/en\/about\/","og_locale":"en_US","og_type":"article","og_title":"ABOUT - Elegancia","og_url":"https:\/\/www.elegancia-evenements.com\/en\/about\/","og_site_name":"Elegancia","article_publisher":"https:\/\/www.facebook.com\/evenements.elegancia","article_modified_time":"2017-08-17T05:29:31+00:00","twitter_card":"summary_large_image","twitter_site":"@EleganciaEvent","twitter_misc":{"Est. reading time":"7 minutes"},"schema":{"@context":"https:\/\/schema.org","@graph":[{"@type":"WebPage","@id":"https:\/\/www.elegancia-evenements.com\/en\/about\/","url":"https:\/\/www.elegancia-evenements.com\/en\/about\/","name":"ABOUT - Elegancia","isPartOf":{"@id":"https:\/\/www.elegancia-evenements.com\/en\/#website"},"datePublished":"2016-07-14T02:27:55+00:00","dateModified":"2017-08-17T05:29:31+00:00","breadcrumb":{"@id":"https:\/\/www.elegancia-evenements.com\/en\/about\/#breadcrumb"},"inLanguage":"en-US","potentialAction":[{"@type":"ReadAction","target":["https:\/\/www.elegancia-evenements.com\/en\/about\/"]}]},{"@type":"BreadcrumbList","@id":"https:\/\/www.elegancia-evenements.com\/en\/about\/#breadcrumb","itemListElement":[{"@type":"ListItem","position":1,"name":"Accueil","item":"https:\/\/www.elegancia-evenements.com\/en\/"},{"@type":"ListItem","position":2,"name":"ABOUT"}]},{"@type":"WebSite","@id":"https:\/\/www.elegancia-evenements.com\/en\/#website","url":"https:\/\/www.elegancia-evenements.com\/en\/","name":"Elegancia","description":"","publisher":{"@id":"https:\/\/www.elegancia-evenements.com\/en\/#organization"},"potentialAction":[{"@type":"SearchAction","target":{"@type":"EntryPoint","urlTemplate":"https:\/\/www.elegancia-evenements.com\/en\/?s={search_term_string}"},"query-input":"required name=search_term_string"}],"inLanguage":"en-US"},{"@type":"Organization","@id":"https:\/\/www.elegancia-evenements.com\/en\/#organization","name":"Elegancia Planification d'\u00e9v\u00e9nements","url":"https:\/\/www.elegancia-evenements.com\/en\/","logo":{"@type":"ImageObject","inLanguage":"en-US","@id":"https:\/\/www.elegancia-evenements.com\/en\/#\/schema\/logo\/image\/","url":"https:\/\/www.elegancia-evenements.com\/wp-content\/uploads\/2017\/06\/Elegancia-Logo-Horizontal-e1498851891676.png","contentUrl":"https:\/\/www.elegancia-evenements.com\/wp-content\/uploads\/2017\/06\/Elegancia-Logo-Horizontal-e1498851891676.png","width":180,"height":65,"caption":"Elegancia Planification d'\u00e9v\u00e9nements"},"image":{"@id":"https:\/\/www.elegancia-evenements.com\/en\/#\/schema\/logo\/image\/"},"sameAs":["https:\/\/www.facebook.com\/evenements.elegancia","https:\/\/twitter.com\/EleganciaEvent","https:\/\/www.youtube.com\/channel\/UCt8l0SdPK1SEZOslCY_AZBQ"]}]}},"_links":{"self":[{"href":"https:\/\/www.elegancia-evenements.com\/en\/wp-json\/wp\/v2\/pages\/6"}],"collection":[{"href":"https:\/\/www.elegancia-evenements.com\/en\/wp-json\/wp\/v2\/pages"}],"about":[{"href":"https:\/\/www.elegancia-evenements.com\/en\/wp-json\/wp\/v2\/types\/page"}],"author":[{"embeddable":true,"href":"https:\/\/www.elegancia-evenements.com\/en\/wp-json\/wp\/v2\/users\/1"}],"replies":[{"embeddable":true,"href":"https:\/\/www.elegancia-evenements.com\/en\/wp-json\/wp\/v2\/comments?post=6"}],"version-history":[{"count":40,"href":"https:\/\/www.elegancia-evenements.com\/en\/wp-json\/wp\/v2\/pages\/6\/revisions"}],"predecessor-version":[{"id":1698,"href":"https:\/\/www.elegancia-evenements.com\/en\/wp-json\/wp\/v2\/pages\/6\/revisions\/1698"}],"wp:attachment":[{"href":"https:\/\/www.elegancia-evenements.com\/en\/wp-json\/wp\/v2\/media?parent=6"}],"curies":[{"name":"wp","href":"https:\/\/api.w.org\/{rel}","templated":true}]}}